{"id":155,"date":"2021-04-13T10:57:45","date_gmt":"2021-04-13T07:57:45","guid":{"rendered":"https:\/\/mekteksan.com\/?page_id=155"},"modified":"2021-07-13T09:48:12","modified_gmt":"2021-07-13T06:48:12","slug":"kurumsal","status":"publish","type":"page","link":"http:\/\/mekteksan.com.tr\/?page_id=155","title":{"rendered":"Kurumsal"},"content":{"rendered":"\t\t<div data-elementor-type=\"wp-page\" data-elementor-id=\"155\" class=\"elementor elementor-155\">\n\t\t\t\t\t\t<section class=\"elementor-section elementor-top-section elementor-element elementor-element-0e7a5d8 elementor-section-boxed elementor-section-height-default elementor-section-height-default\" data-id=\"0e7a5d8\" data-element_type=\"section\" data-e-type=\"section\">\n\t\t\t\t\t\t<div class=\"elementor-container elementor-column-gap-default\">\n\t\t\t\t\t<div class=\"elementor-column elementor-col-100 elementor-top-column elementor-element elementor-element-56e81c6\" data-id=\"56e81c6\" data-element_type=\"column\" data-e-type=\"column\">\n\t\t\t<div class=\"elementor-widget-wrap elementor-element-populated\">\n\t\t\t\t\t\t<div class=\"elementor-element elementor-element-fe2af14 elementor-widget elementor-widget-image\" data-id=\"fe2af14\" data-element_type=\"widget\" data-e-type=\"widget\" data-widget_type=\"image.default\">\n\t\t\t\t<div class=\"elementor-widget-container\">\n\t\t\t\t\t\t\t\t\t\t\t\t\t\t\t<img decoding=\"async\" width=\"285\" height=\"70\" src=\"http:\/\/mekteksan.com.tr\/wp-content\/uploads\/2021\/04\/cropped-mekteksanlogo_orj1.png\" class=\"attachment-large size-large wp-image-84\" alt=\"\" \/>\t\t\t\t\t\t\t\t\t\t\t\t\t\t\t<\/div>\n\t\t\t\t<\/div>\n\t\t\t\t\t<\/div>\n\t\t<\/div>\n\t\t\t\t\t<\/div>\n\t\t<\/section>\n\t\t\t\t<section class=\"elementor-section elementor-top-section elementor-element elementor-element-21021e1 elementor-section-boxed elementor-section-height-default elementor-section-height-default\" data-id=\"21021e1\" data-element_type=\"section\" data-e-type=\"section\">\n\t\t\t\t\t\t<div class=\"elementor-container elementor-column-gap-default\">\n\t\t\t\t\t<div class=\"elementor-column elementor-col-100 elementor-top-column elementor-element elementor-element-afde277\" data-id=\"afde277\" data-element_type=\"column\" data-e-type=\"column\">\n\t\t\t<div class=\"elementor-widget-wrap elementor-element-populated\">\n\t\t\t\t\t\t<div class=\"elementor-element elementor-element-e7b710d elementor-widget elementor-widget-text-editor\" data-id=\"e7b710d\" data-element_type=\"widget\" data-e-type=\"widget\" data-widget_type=\"text-editor.default\">\n\t\t\t\t<div class=\"elementor-widget-container\">\n\t\t\t\t\t\t\t\t\t<p><strong>MEKTEKSAN TEKN\u0130K HIRDAVAT T\u0130C.SAN.LTD.\u015eT\u0130 .<\/strong>\u00a0 1990 YILINDA\u00a0 BURSA DA TEKSAN \u015eAHIS F\u0130RMASI (HASAN AKER) OLARAK\u00a0 KURULDU .<\/p><p>1993 YILINDA \u0130S\u0130M TESC\u0130L\u0130 \u0130LE <strong>MEKTEKSAN TEKN\u0130K HIRDAVAT T\u0130C.SAN.LTD. \u015eT\u0130<\/strong> \u015e\u0130RKETLE\u015eM\u0130\u015eT\u0130R .<\/p><p>1997\u00a0 YILARINDA \u0130THALAT\u00c7I F\u0130RMA KONUMUNA GELEREK DE\u011eERL\u0130 MARKALAR\u00a0 <strong>NAREX -SOMET-GSP-POLD\u0130-ZPS-KINEX -PRAMET<\/strong> G\u0130B\u0130 MARKALARIN \u0130THALATINI YAPIP B\u0130R \u00c7O\u011eUNUN T\u00dcRK\u0130YE D\u0130ST\u0130B\u00d6T\u00d6RL\u00dc\u011e\u00dcN\u00dc \u00dcSTLEND\u0130 .<\/p><p>AMA\u00c7 M\u00dc\u015eTER\u0130S\u0130NE ZAMANINDA CEVAP VEREB\u0130LMEK \u0130\u00c7\u0130N GEN\u0130\u015e B\u0130R STOK YELPAZES\u0130NE SAH\u0130P<\/p><p>OLAN KURULU\u015eUMUZ HER ZAMAN KAL\u0130TEL\u0130 H\u0130ZMET SUNMAKTADIR .<\/p><h6><strong>V\u0130ZYONUMUZ :<\/strong><\/h6><ul><li>KONUSUNDA REKABET\u00c7\u0130,SEKT\u00d6R\u00dcNDE \u00c7\u00d6Z\u00dcM \u00dcRETEN L\u0130DER F\u0130RMA OLARAK ANILMAKTIR.<\/li><\/ul><h6><strong>M\u0130SYONUMUZ :<\/strong><\/h6><ul><li>KAL\u0130TEDE S\u00dcREKL\u0130L\u0130K ,UYGUN F\u0130YAT,GEN\u0130\u015e B\u0130R STOK DURUMUNA SAH\u0130P OLMA \u0130LKES\u0130YLE\u00a0 ,D\u00dcR\u00dcSTL\u00dc\u011e\u00dc PEK\u0130\u015eT\u0130R\u0130P PAZARLAMA FAAL\u0130YETLER\u0130 GER\u00c7EKLE\u015eT\u0130REREK M\u00dc\u015eTER\u0130N\u0130N YANINDA OLMAKTIR .<\/li><\/ul>\t\t\t\t\t\t\t\t<\/div>\n\t\t\t\t<\/div>\n\t\t\t\t\t<\/div>\n\t\t<\/div>\n\t\t\t\t\t<\/div>\n\t\t<\/section>\n\t\t\t\t<section class=\"elementor-section elementor-top-section elementor-element elementor-element-ce93970 elementor-section-boxed elementor-section-height-default elementor-section-height-default\" data-id=\"ce93970\" data-element_type=\"section\" data-e-type=\"section\">\n\t\t\t\t\t\t<div class=\"elementor-container elementor-column-gap-default\">\n\t\t\t\t\t<div class=\"elementor-column elementor-col-100 elementor-top-column elementor-element elementor-element-84ddfbe\" data-id=\"84ddfbe\" data-element_type=\"column\" data-e-type=\"column\">\n\t\t\t<div class=\"elementor-widget-wrap elementor-element-populated\">\n\t\t\t\t\t\t<div class=\"elementor-element elementor-element-2b77311 elementor-widget-divider--view-line_text elementor-widget-divider--element-align-center elementor-widget elementor-widget-divider\" data-id=\"2b77311\" data-element_type=\"widget\" data-e-type=\"widget\" data-widget_type=\"divider.default\">\n\t\t\t\t<div class=\"elementor-widget-container\">\n\t\t\t\t\t\t\t<div class=\"elementor-divider\">\n\t\t\t<span class=\"elementor-divider-separator\">\n\t\t\t\t\t\t<\/span>\n\t\t<\/div>\n\t\t\t\t\t\t<\/div>\n\t\t\t\t<\/div>\n\t\t\t\t\t<\/div>\n\t\t<\/div>\n\t\t\t\t\t<\/div>\n\t\t<\/section>\n\t\t\t\t<section class=\"elementor-section elementor-top-section elementor-element elementor-element-01be69c elementor-section-content-middle elementor-section-stretched elementor-section-boxed elementor-section-height-default elementor-section-height-default\" data-id=\"01be69c\" data-element_type=\"section\" data-e-type=\"section\" data-settings=\"{&quot;stretch_section&quot;:&quot;section-stretched&quot;}\">\n\t\t\t\t\t\t<div class=\"elementor-container elementor-column-gap-default\">\n\t\t\t\t\t<div class=\"elementor-column elementor-col-16 elementor-top-column elementor-element elementor-element-1aadaef\" data-id=\"1aadaef\" data-element_type=\"column\" data-e-type=\"column\">\n\t\t\t<div class=\"elementor-widget-wrap elementor-element-populated\">\n\t\t\t\t\t\t<div class=\"elementor-element elementor-element-07e2043 elementor-widget elementor-widget-image\" data-id=\"07e2043\" data-element_type=\"widget\" data-e-type=\"widget\" data-widget_type=\"image.default\">\n\t\t\t\t<div class=\"elementor-widget-container\">\n\t\t\t\t\t\t\t\t\t\t\t\t\t\t\t<img decoding=\"async\" width=\"229\" height=\"73\" src=\"http:\/\/mekteksan.com.tr\/wp-content\/uploads\/2021\/04\/2.png\" class=\"attachment-medium size-medium wp-image-224\" alt=\"\" \/>\t\t\t\t\t\t\t\t\t\t\t\t\t\t\t<\/div>\n\t\t\t\t<\/div>\n\t\t\t\t\t<\/div>\n\t\t<\/div>\n\t\t\t\t<div class=\"elementor-column elementor-col-16 elementor-top-column elementor-element elementor-element-c9476ba\" data-id=\"c9476ba\" data-element_type=\"column\" data-e-type=\"column\">\n\t\t\t<div class=\"elementor-widget-wrap elementor-element-populated\">\n\t\t\t\t\t\t<div class=\"elementor-element elementor-element-8ee1588 elementor-widget elementor-widget-image\" data-id=\"8ee1588\" data-element_type=\"widget\" data-e-type=\"widget\" data-widget_type=\"image.default\">\n\t\t\t\t<div class=\"elementor-widget-container\">\n\t\t\t\t\t\t\t\t\t\t\t\t\t\t\t<img decoding=\"async\" width=\"183\" height=\"73\" src=\"http:\/\/mekteksan.com.tr\/wp-content\/uploads\/2021\/04\/3.png\" class=\"attachment-medium size-medium wp-image-225\" alt=\"\" \/>\t\t\t\t\t\t\t\t\t\t\t\t\t\t\t<\/div>\n\t\t\t\t<\/div>\n\t\t\t\t\t<\/div>\n\t\t<\/div>\n\t\t\t\t<div class=\"elementor-column elementor-col-16 elementor-top-column elementor-element elementor-element-7dc9527\" data-id=\"7dc9527\" data-element_type=\"column\" data-e-type=\"column\">\n\t\t\t<div class=\"elementor-widget-wrap elementor-element-populated\">\n\t\t\t\t\t\t<div class=\"elementor-element elementor-element-e6fed42 elementor-widget elementor-widget-image\" data-id=\"e6fed42\" data-element_type=\"widget\" data-e-type=\"widget\" data-widget_type=\"image.default\">\n\t\t\t\t<div class=\"elementor-widget-container\">\n\t\t\t\t\t\t\t\t\t\t\t\t\t\t\t<img loading=\"lazy\" decoding=\"async\" width=\"147\" height=\"73\" src=\"http:\/\/mekteksan.com.tr\/wp-content\/uploads\/2021\/04\/1.png\" class=\"attachment-medium size-medium wp-image-223\" alt=\"\" \/>\t\t\t\t\t\t\t\t\t\t\t\t\t\t\t<\/div>\n\t\t\t\t<\/div>\n\t\t\t\t\t<\/div>\n\t\t<\/div>\n\t\t\t\t<div class=\"elementor-column elementor-col-16 elementor-top-column elementor-element elementor-element-7e0a4bc\" data-id=\"7e0a4bc\" data-element_type=\"column\" data-e-type=\"column\">\n\t\t\t<div class=\"elementor-widget-wrap elementor-element-populated\">\n\t\t\t\t\t\t<div class=\"elementor-element elementor-element-d01f1c9 elementor-widget elementor-widget-image\" data-id=\"d01f1c9\" data-element_type=\"widget\" data-e-type=\"widget\" data-widget_type=\"image.default\">\n\t\t\t\t<div class=\"elementor-widget-container\">\n\t\t\t\t\t\t\t\t\t\t\t\t\t\t\t<img loading=\"lazy\" decoding=\"async\" width=\"252\" height=\"73\" src=\"http:\/\/mekteksan.com.tr\/wp-content\/uploads\/2021\/04\/5.png\" class=\"attachment-medium size-medium wp-image-227\" alt=\"\" \/>\t\t\t\t\t\t\t\t\t\t\t\t\t\t\t<\/div>\n\t\t\t\t<\/div>\n\t\t\t\t\t<\/div>\n\t\t<\/div>\n\t\t\t\t<div class=\"elementor-column elementor-col-16 elementor-top-column elementor-element elementor-element-61acb59\" data-id=\"61acb59\" data-element_type=\"column\" data-e-type=\"column\">\n\t\t\t<div class=\"elementor-widget-wrap elementor-element-populated\">\n\t\t\t\t\t\t<div class=\"elementor-element elementor-element-9ee1ee5 elementor-widget elementor-widget-image\" data-id=\"9ee1ee5\" data-element_type=\"widget\" data-e-type=\"widget\" data-widget_type=\"image.default\">\n\t\t\t\t<div class=\"elementor-widget-container\">\n\t\t\t\t\t\t\t\t\t\t\t\t\t\t\t<img loading=\"lazy\" decoding=\"async\" width=\"143\" height=\"73\" src=\"http:\/\/mekteksan.com.tr\/wp-content\/uploads\/2021\/04\/4.png\" class=\"attachment-medium size-medium wp-image-226\" alt=\"\" \/>\t\t\t\t\t\t\t\t\t\t\t\t\t\t\t<\/div>\n\t\t\t\t<\/div>\n\t\t\t\t\t<\/div>\n\t\t<\/div>\n\t\t\t\t<div class=\"elementor-column elementor-col-16 elementor-top-column elementor-element elementor-element-109da3d\" data-id=\"109da3d\" data-element_type=\"column\" data-e-type=\"column\">\n\t\t\t<div class=\"elementor-widget-wrap elementor-element-populated\">\n\t\t\t\t\t\t<div class=\"elementor-element elementor-element-8d92880 elementor-widget elementor-widget-image\" data-id=\"8d92880\" data-element_type=\"widget\" data-e-type=\"widget\" data-widget_type=\"image.default\">\n\t\t\t\t<div class=\"elementor-widget-container\">\n\t\t\t\t\t\t\t\t\t\t\t\t\t\t\t<img loading=\"lazy\" decoding=\"async\" width=\"300\" height=\"300\" src=\"http:\/\/mekteksan.com.tr\/wp-content\/uploads\/2021\/05\/dormer_pramet_logo-300x300.png\" class=\"attachment-medium size-medium wp-image-337\" alt=\"\" srcset=\"http:\/\/mekteksan.com.tr\/wp-content\/uploads\/2021\/05\/dormer_pramet_logo-300x300.png 300w, http:\/\/mekteksan.com.tr\/wp-content\/uploads\/2021\/05\/dormer_pramet_logo-150x150.png 150w, http:\/\/mekteksan.com.tr\/wp-content\/uploads\/2021\/05\/dormer_pramet_logo.png 600w\" sizes=\"(max-width: 300px) 100vw, 300px\" \/>\t\t\t\t\t\t\t\t\t\t\t\t\t\t\t<\/div>\n\t\t\t\t<\/div>\n\t\t\t\t\t<\/div>\n\t\t<\/div>\n\t\t\t\t\t<\/div>\n\t\t<\/section>\n\t\t\t\t<section class=\"elementor-section elementor-top-section elementor-element elementor-element-941ae57 elementor-section-content-middle elementor-section-stretched elementor-section-boxed elementor-section-height-default elementor-section-height-default\" data-id=\"941ae57\" data-element_type=\"section\" data-e-type=\"section\" data-settings=\"{&quot;stretch_section&quot;:&quot;section-stretched&quot;}\">\n\t\t\t\t\t\t<div class=\"elementor-container elementor-column-gap-no\">\n\t\t\t\t\t<div class=\"elementor-column elementor-col-16 elementor-top-column elementor-element elementor-element-cf3bedf\" data-id=\"cf3bedf\" data-element_type=\"column\" data-e-type=\"column\">\n\t\t\t<div class=\"elementor-widget-wrap elementor-element-populated\">\n\t\t\t\t\t\t<div class=\"elementor-element elementor-element-4d77f82 elementor-widget elementor-widget-image\" data-id=\"4d77f82\" data-element_type=\"widget\" data-e-type=\"widget\" data-widget_type=\"image.default\">\n\t\t\t\t<div class=\"elementor-widget-container\">\n\t\t\t\t\t\t\t\t\t\t\t\t\t\t\t<img loading=\"lazy\" decoding=\"async\" width=\"300\" height=\"80\" src=\"http:\/\/mekteksan.com.tr\/wp-content\/uploads\/2021\/05\/betalogo-1-300x80.png\" class=\"attachment-medium size-medium wp-image-345\" alt=\"\" srcset=\"http:\/\/mekteksan.com.tr\/wp-content\/uploads\/2021\/05\/betalogo-1-300x80.png 300w, http:\/\/mekteksan.com.tr\/wp-content\/uploads\/2021\/05\/betalogo-1.png 413w\" sizes=\"(max-width: 300px) 100vw, 300px\" \/>\t\t\t\t\t\t\t\t\t\t\t\t\t\t\t<\/div>\n\t\t\t\t<\/div>\n\t\t\t\t\t<\/div>\n\t\t<\/div>\n\t\t\t\t<div class=\"elementor-column elementor-col-16 elementor-top-column elementor-element elementor-element-6a83b1d\" data-id=\"6a83b1d\" data-element_type=\"column\" data-e-type=\"column\">\n\t\t\t<div class=\"elementor-widget-wrap elementor-element-populated\">\n\t\t\t\t\t\t<div class=\"elementor-element elementor-element-9e24137 elementor-widget elementor-widget-image\" data-id=\"9e24137\" data-element_type=\"widget\" data-e-type=\"widget\" data-widget_type=\"image.default\">\n\t\t\t\t<div class=\"elementor-widget-container\">\n\t\t\t\t\t\t\t\t\t\t\t\t\t\t\t<img loading=\"lazy\" decoding=\"async\" width=\"240\" height=\"179\" src=\"http:\/\/mekteksan.com.tr\/wp-content\/uploads\/2021\/05\/vertexlogo.jpg\" class=\"attachment-medium size-medium wp-image-346\" alt=\"\" \/>\t\t\t\t\t\t\t\t\t\t\t\t\t\t\t<\/div>\n\t\t\t\t<\/div>\n\t\t\t\t\t<\/div>\n\t\t<\/div>\n\t\t\t\t<div class=\"elementor-column elementor-col-16 elementor-top-column elementor-element elementor-element-4c4c037\" data-id=\"4c4c037\" data-element_type=\"column\" data-e-type=\"column\">\n\t\t\t<div class=\"elementor-widget-wrap elementor-element-populated\">\n\t\t\t\t\t\t<div class=\"elementor-element elementor-element-b806e2d elementor-widget elementor-widget-image\" data-id=\"b806e2d\" data-element_type=\"widget\" data-e-type=\"widget\" data-widget_type=\"image.default\">\n\t\t\t\t<div class=\"elementor-widget-container\">\n\t\t\t\t\t\t\t\t\t\t\t\t\t\t\t<img loading=\"lazy\" decoding=\"async\" width=\"400\" height=\"400\" src=\"http:\/\/mekteksan.com.tr\/wp-content\/uploads\/2021\/05\/logo_socialmedia_400x400.jpg\" class=\"attachment-full size-full wp-image-351\" alt=\"\" srcset=\"http:\/\/mekteksan.com.tr\/wp-content\/uploads\/2021\/05\/logo_socialmedia_400x400.jpg 400w, http:\/\/mekteksan.com.tr\/wp-content\/uploads\/2021\/05\/logo_socialmedia_400x400-300x300.jpg 300w, http:\/\/mekteksan.com.tr\/wp-content\/uploads\/2021\/05\/logo_socialmedia_400x400-150x150.jpg 150w\" sizes=\"(max-width: 400px) 100vw, 400px\" \/>\t\t\t\t\t\t\t\t\t\t\t\t\t\t\t<\/div>\n\t\t\t\t<\/div>\n\t\t\t\t\t<\/div>\n\t\t<\/div>\n\t\t\t\t<div class=\"elementor-column elementor-col-16 elementor-top-column elementor-element elementor-element-edfdec3\" data-id=\"edfdec3\" data-element_type=\"column\" data-e-type=\"column\">\n\t\t\t<div class=\"elementor-widget-wrap elementor-element-populated\">\n\t\t\t\t\t\t<div class=\"elementor-element elementor-element-9be23d9 elementor-widget elementor-widget-image\" data-id=\"9be23d9\" data-element_type=\"widget\" data-e-type=\"widget\" data-widget_type=\"image.default\">\n\t\t\t\t<div class=\"elementor-widget-container\">\n\t\t\t\t\t\t\t\t\t\t\t\t\t\t\t<img loading=\"lazy\" decoding=\"async\" width=\"300\" height=\"177\" src=\"http:\/\/mekteksan.com.tr\/wp-content\/uploads\/2021\/05\/zpslogo-300x177.png\" class=\"attachment-medium size-medium wp-image-353\" alt=\"\" srcset=\"http:\/\/mekteksan.com.tr\/wp-content\/uploads\/2021\/05\/zpslogo-300x177.png 300w, http:\/\/mekteksan.com.tr\/wp-content\/uploads\/2021\/05\/zpslogo.png 450w\" sizes=\"(max-width: 300px) 100vw, 300px\" \/>\t\t\t\t\t\t\t\t\t\t\t\t\t\t\t<\/div>\n\t\t\t\t<\/div>\n\t\t\t\t\t<\/div>\n\t\t<\/div>\n\t\t\t\t<div class=\"elementor-column elementor-col-16 elementor-top-column elementor-element elementor-element-36f4228\" data-id=\"36f4228\" data-element_type=\"column\" data-e-type=\"column\">\n\t\t\t<div class=\"elementor-widget-wrap elementor-element-populated\">\n\t\t\t\t\t\t<div class=\"elementor-element elementor-element-fa4cfaa elementor-widget elementor-widget-image\" data-id=\"fa4cfaa\" data-element_type=\"widget\" data-e-type=\"widget\" data-widget_type=\"image.default\">\n\t\t\t\t<div class=\"elementor-widget-container\">\n\t\t\t\t\t\t\t\t\t\t\t\t\t\t\t<img loading=\"lazy\" decoding=\"async\" width=\"300\" height=\"158\" src=\"http:\/\/mekteksan.com.tr\/wp-content\/uploads\/2021\/05\/ozkayali-marka-600x315w-300x158.jpg\" class=\"attachment-medium size-medium wp-image-358\" alt=\"\" srcset=\"http:\/\/mekteksan.com.tr\/wp-content\/uploads\/2021\/05\/ozkayali-marka-600x315w-300x158.jpg 300w, http:\/\/mekteksan.com.tr\/wp-content\/uploads\/2021\/05\/ozkayali-marka-600x315w.jpg 600w\" sizes=\"(max-width: 300px) 100vw, 300px\" \/>\t\t\t\t\t\t\t\t\t\t\t\t\t\t\t<\/div>\n\t\t\t\t<\/div>\n\t\t\t\t\t<\/div>\n\t\t<\/div>\n\t\t\t\t<div class=\"elementor-column elementor-col-16 elementor-top-column elementor-element elementor-element-6c7e894\" data-id=\"6c7e894\" data-element_type=\"column\" data-e-type=\"column\">\n\t\t\t<div class=\"elementor-widget-wrap elementor-element-populated\">\n\t\t\t\t\t\t<div class=\"elementor-element elementor-element-cf19d6b elementor-widget elementor-widget-image\" data-id=\"cf19d6b\" data-element_type=\"widget\" data-e-type=\"widget\" data-widget_type=\"image.default\">\n\t\t\t\t<div class=\"elementor-widget-container\">\n\t\t\t\t\t\t\t\t\t\t\t\t\t\t\t<img loading=\"lazy\" decoding=\"async\" width=\"150\" height=\"150\" src=\"http:\/\/mekteksan.com.tr\/wp-content\/uploads\/2021\/05\/kpt-90d-150x150.jpg\" class=\"attachment-thumbnail size-thumbnail wp-image-362\" alt=\"\" srcset=\"http:\/\/mekteksan.com.tr\/wp-content\/uploads\/2021\/05\/kpt-90d-150x150.jpg 150w, http:\/\/mekteksan.com.tr\/wp-content\/uploads\/2021\/05\/kpt-90d-300x300.jpg 300w, http:\/\/mekteksan.com.tr\/wp-content\/uploads\/2021\/05\/kpt-90d.jpg 399w\" sizes=\"(max-width: 150px) 100vw, 150px\" \/>\t\t\t\t\t\t\t\t\t\t\t\t\t\t\t<\/div>\n\t\t\t\t<\/div>\n\t\t\t\t\t<\/div>\n\t\t<\/div>\n\t\t\t\t\t<\/div>\n\t\t<\/section>\n\t\t\t\t<\/div>\n\t\t","protected":false},"excerpt":{"rendered":"<p>MEKTEKSAN TEKN\u0130K HIRDAVAT T\u0130C.SAN.LTD.\u015eT\u0130 .\u00a0 1990 YILINDA\u00a0 BURSA DA TEKSAN \u015eAHIS F\u0130RMASI (HASAN AKER) OLARAK\u00a0 KURULDU . 1993 YILINDA \u0130S\u0130M TESC\u0130L\u0130 \u0130LE MEKTEKSAN TEKN\u0130K HIRDAVAT T\u0130C.SAN.LTD. \u015eT\u0130 \u015e\u0130RKETLE\u015eM\u0130\u015eT\u0130R . 1997\u00a0 YILARINDA \u0130THALAT\u00c7I F\u0130RMA KONUMUNA GELEREK DE\u011eERL\u0130 MARKALAR\u00a0 NAREX -SOMET-GSP-POLD\u0130-ZPS-KINEX -PRAMET G\u0130B\u0130 MARKALARIN \u0130THALATINI YAPIP B\u0130R \u00c7O\u011eUNUN T\u00dcRK\u0130YE D\u0130ST\u0130B\u00d6T\u00d6RL\u00dc\u011e\u00dcN\u00dc \u00dcSTLEND\u0130 . AMA\u00c7 M\u00dc\u015eTER\u0130S\u0130NE ZAMANINDA CEVAP VEREB\u0130LMEK [&hellip;]<\/p>\n","protected":false},"author":1,"featured_media":0,"parent":0,"menu_order":0,"comment_status":"closed","ping_status":"closed","template":"","meta":{"footnotes":""},"class_list":["post-155","page","type-page","status-publish","hentry"],"aioseo_notices":[],"_links":{"self":[{"href":"http:\/\/mekteksan.com.tr\/index.php?rest_route=\/wp\/v2\/pages\/155","targetHints":{"allow":["GET"]}}],"collection":[{"href":"http:\/\/mekteksan.com.tr\/index.php?rest_route=\/wp\/v2\/pages"}],"about":[{"href":"http:\/\/mekteksan.com.tr\/index.php?rest_route=\/wp\/v2\/types\/page"}],"author":[{"embeddable":true,"href":"http:\/\/mekteksan.com.tr\/index.php?rest_route=\/wp\/v2\/users\/1"}],"replies":[{"embeddable":true,"href":"http:\/\/mekteksan.com.tr\/index.php?rest_route=%2Fwp%2Fv2%2Fcomments&post=155"}],"version-history":[{"count":25,"href":"http:\/\/mekteksan.com.tr\/index.php?rest_route=\/wp\/v2\/pages\/155\/revisions"}],"predecessor-version":[{"id":898,"href":"http:\/\/mekteksan.com.tr\/index.php?rest_route=\/wp\/v2\/pages\/155\/revisions\/898"}],"wp:attachment":[{"href":"http:\/\/mekteksan.com.tr\/index.php?rest_route=%2Fwp%2Fv2%2Fmedia&parent=155"}],"curies":[{"name":"wp","href":"https:\/\/api.w.org\/{rel}","templated":true}]}}